{"id":4839,"date":"2018-03-21T20:59:54","date_gmt":"2018-03-21T20:59:54","guid":{"rendered":"http:\/\/bassband.sk\/?page_id=4839"},"modified":"2018-12-16T22:02:50","modified_gmt":"2018-12-16T22:02:50","slug":"jakub-stracina","status":"publish","type":"page","link":"https:\/\/bassband.sk\/en\/o-nas-2\/jakub-stracina\/","title":{"rendered":"Jakub Stra\u010dina"},"content":{"rendered":"<p style=\"text-align: left;\"><a href=\"http:\/\/bassband.sk\/wp-content\/uploads\/2018\/03\/5O4A4862_MolcaRecords-533x800.jpg\"><img loading=\"lazy\" decoding=\"async\" class=\" wp-image-4845 alignleft\" src=\"http:\/\/bassband.sk\/wp-content\/uploads\/2018\/03\/5O4A4862_MolcaRecords-533x800-200x300.jpg\" alt=\"\" width=\"229\" height=\"344\" srcset=\"https:\/\/bassband.sk\/wp-content\/uploads\/2018\/03\/5O4A4862_MolcaRecords-533x800-200x300.jpg 200w, https:\/\/bassband.sk\/wp-content\/uploads\/2018\/03\/5O4A4862_MolcaRecords-533x800.jpg 533w\" sizes=\"auto, (max-width: 229px) 100vw, 229px\" \/><\/a>Poch\u00e1dza z\u00a0rodiny, v\u00a0ktorej ho hudba sprev\u00e1dzala u\u017e od narodenia. Vo svojich deviatich rokoch sa za\u010dal u\u010di\u0165 hra\u0165 na kontrabas na ZU\u0160 v\u00a0Tur\u010dianskych Tepliciach. Svoje hudobn\u00e9 nadanie \u010falej rozv\u00edjal na Konzervat\u00f3riu J. L. Bellu v\u00a0Banskej Bystrici u\u00a0popredn\u00e9ho slovensk\u00e9ho jazzov\u00e9ho kontrabasistu R\u00f3berta Ragana. Po\u010das \u0161t\u00fadiu na konzervat\u00f3riu p\u00f4sobil ako \u010dlen orchestra \u0160t\u00e1tnej opery v\u00a0Banskej Bystrici. V\u00a0roku 2012 nast\u00fapil do orchestra umeleck\u00e9ho s\u00faboru L\u00fa\u010dnica a\u00a0orchestra Zlat\u00e9 husle. V\u00a0s\u00fa\u010dasnosti \u0161tuduje na\u00a0Akad\u00e9mii umen\u00ed v\u00a0Banskej\u00a0Bystrici\u00a0u\u00a0J\u00e1na Kr\u00edgovsk\u00e9ho. Po\u010das \u0161t\u00fadia z\u00edskal viacero ocenen\u00ed na slovensk\u00fdch aj medzin\u00e1rodn\u00fdch s\u00fa\u0165a\u017eiach (Medzin\u00e1rodn\u00e1 s\u00fa\u0165a\u017e kontrabasistov v\u00a0Brne \u2013 2. miesto, s\u00fa\u0165a\u017e slovensk\u00fdch konzervat\u00f3ri\u00ed \u2013 1. miesto, Medzin\u00e1rodn\u00e1 s\u00fa\u0165a\u017e K. D von Dittersdorfa \u2013 3. miesto). Svoje hudobn\u00e9 vzdelanie si neust\u00e1le roz\u0161iruje na r\u00f4znych kontrabasov\u00fdch majstrovsk\u00fdch kurzoch (Bass Fest, Mezin\u00e1rodn\u00ed setk\u00e1n\u00ed kontrabasistu Brno, Garry Karr, Roman Patkol\u00f3\u2026). V\u00a0s\u00fa\u010dasnosti okrem p\u00f4sobenia v\u00a0zoskupen\u00ed Bass Band je intern\u00fdm \u010dlenom kapely Rus\u00edn \u010cende\u0161 Orchestra, Dobr\u00e1 Muzika a\u00a0Moj\u0161e Band. V\u010faka svojmu \u017e\u00e1nrovo v\u0161estrann\u00e9mu zameraniu b\u00fdva poz\u00fdvan\u00fd do r\u00f4znych projektov a\u00a0zoskupen\u00ed.<\/p>\n","protected":false},"excerpt":{"rendered":"<p>Poch\u00e1dza z\u00a0rodiny, v\u00a0ktorej ho hudba sprev\u00e1dzala u\u017e od narodenia. Vo svojich deviatich rokoch sa za\u010dal u\u010di\u0165 hra\u0165 na kontrabas na ZU\u0160 v\u00a0Tur\u010dianskych Tepliciach. Svoje hudobn\u00e9 nadanie \u010falej rozv\u00edjal na Konzervat\u00f3riu J. L. Bellu v\u00a0Banskej Bystrici u\u00a0popredn\u00e9ho slovensk\u00e9ho jazzov\u00e9ho kontrabasistu R\u00f3berta Ragana. Po\u010das \u0161t\u00fadiu na konzervat\u00f3riu p\u00f4sobil ako \u010dlen orchestra \u0160t\u00e1tnej opery v\u00a0Banskej Bystrici. V\u00a0roku 2012 [&hellip;]<\/p>\n","protected":false},"author":8,"featured_media":0,"parent":4150,"menu_order":0,"comment_status":"closed","ping_status":"closed","template":"","meta":{"footnotes":""},"class_list":["post-4839","page","type-page","status-publish","hentry","has-post-title","has-post-date","has-post-category","has-post-tag","has-post-comment","has-post-author",""],"builder_content":"","_links":{"self":[{"href":"https:\/\/bassband.sk\/en\/wp-json\/wp\/v2\/pages\/4839","targetHints":{"allow":["GET"]}}],"collection":[{"href":"https:\/\/bassband.sk\/en\/wp-json\/wp\/v2\/pages"}],"about":[{"href":"https:\/\/bassband.sk\/en\/wp-json\/wp\/v2\/types\/page"}],"author":[{"embeddable":true,"href":"https:\/\/bassband.sk\/en\/wp-json\/wp\/v2\/users\/8"}],"replies":[{"embeddable":true,"href":"https:\/\/bassband.sk\/en\/wp-json\/wp\/v2\/comments?post=4839"}],"version-history":[{"count":3,"href":"https:\/\/bassband.sk\/en\/wp-json\/wp\/v2\/pages\/4839\/revisions"}],"predecessor-version":[{"id":4891,"href":"https:\/\/bassband.sk\/en\/wp-json\/wp\/v2\/pages\/4839\/revisions\/4891"}],"up":[{"embeddable":true,"href":"https:\/\/bassband.sk\/en\/wp-json\/wp\/v2\/pages\/4150"}],"wp:attachment":[{"href":"https:\/\/bassband.sk\/en\/wp-json\/wp\/v2\/media?parent=4839"}],"curies":[{"name":"wp","href":"https:\/\/api.w.org\/{rel}","templated":true}]}}