{"id":4347,"date":"2015-02-21T22:09:08","date_gmt":"2015-02-21T22:09:08","guid":{"rendered":"http:\/\/bassband.sk\/?page_id=4347"},"modified":"2018-03-22T18:56:18","modified_gmt":"2018-03-22T18:56:18","slug":"metod-podolsky","status":"publish","type":"page","link":"https:\/\/bassband.sk\/en\/o-nas-2\/metod-podolsky\/","title":{"rendered":"Metod Podolsk\u00fd"},"content":{"rendered":"<p>(1987)<\/p>\n<p><a href=\"http:\/\/bassband.sk\/wp-content\/uploads\/2015\/02\/IMG_9543.jpg\"><img loading=\"lazy\" decoding=\"async\" class=\"alignleft size-medium wp-image-4238\" src=\"http:\/\/bassband.sk\/wp-content\/uploads\/2015\/02\/IMG_9543-200x300.jpg\" alt=\"IMG_9543\" width=\"200\" height=\"300\" srcset=\"https:\/\/bassband.sk\/wp-content\/uploads\/2015\/02\/IMG_9543-200x300.jpg 200w, https:\/\/bassband.sk\/wp-content\/uploads\/2015\/02\/IMG_9543-600x900.jpg 600w, https:\/\/bassband.sk\/wp-content\/uploads\/2015\/02\/IMG_9543-683x1024.jpg 683w, https:\/\/bassband.sk\/wp-content\/uploads\/2015\/02\/IMG_9543.jpg 720w\" sizes=\"auto, (max-width: 200px) 100vw, 200px\" \/><\/a><\/p>\n<p style=\"text-align: justify;\">He graduated his studium on The sacral conservatory in Bratislava, in the contrabass class of Mgr. Art. J\u00e1n Krigovsk\u00fd. In 2005 he participated on The competition of conservatory students of Slovak republic,\u00a0 he obtained the 2. place there.<\/p>\n<p style=\"text-align: justify;\">During the studies already he affected in the\u00a0 several international orchestras &#8211; European Philharmonic Orchestra Austria, Junges Klangforum Mitte Europa, Donau Philharmonie Wien, Wiener Akademie, the orchestra of Jan\u00e1\u010dek opera, the national theatre in Brno, and in the slovakian orchestras as well \u2013 The orchestra of the Slovak national theatre, the chamber orchestra New Music, the formation \u00a0Cellisimi, The orchestra of the State opera Bansk\u00e1 Bystrica, The state philharmony Ko\u0161ice and so one. In 2007 he graduated the tour in Japan with the Salzburg\u00a0 Chamber Orchestra. In 2014 he graduated at the Academy of arts Bansk\u00e1 Bystrica, where he negotiated in the class of Mgr. Art. J\u00e1n Krigovsk\u00fd. On the present he is affecting as a\u00a0player of a\u00a0chamber orchestra Cuore Barocco and he is the member of contrabass quartette BassBand. He is working as a contrabass\u00a0educationist \u00a0at the Private conservatory of Dezider Kardo\u0161 in Topo\u013e\u010dany as well.<\/p>\n<p>&nbsp;<\/p>","protected":false},"excerpt":{"rendered":"<p>(1987) He graduated his studium on The sacral conservatory in Bratislava, in the contrabass class of Mgr. Art. J\u00e1n Krigovsk\u00fd. In 2005 he participated on The competition of conservatory students of Slovak republic,\u00a0 he obtained the 2. place there. During the studies already he affected in the\u00a0 several international orchestras &#8211; European Philharmonic Orchestra Austria, [&hellip;]<\/p>\n","protected":false},"author":2,"featured_media":0,"parent":4150,"menu_order":0,"comment_status":"closed","ping_status":"closed","template":"","meta":{"footnotes":""},"class_list":["post-4347","page","type-page","status-publish","hentry","has-post-title","has-post-date","has-post-category","has-post-tag","has-post-comment","has-post-author",""],"builder_content":"","_links":{"self":[{"href":"https:\/\/bassband.sk\/en\/wp-json\/wp\/v2\/pages\/4347","targetHints":{"allow":["GET"]}}],"collection":[{"href":"https:\/\/bassband.sk\/en\/wp-json\/wp\/v2\/pages"}],"about":[{"href":"https:\/\/bassband.sk\/en\/wp-json\/wp\/v2\/types\/page"}],"author":[{"embeddable":true,"href":"https:\/\/bassband.sk\/en\/wp-json\/wp\/v2\/users\/2"}],"replies":[{"embeddable":true,"href":"https:\/\/bassband.sk\/en\/wp-json\/wp\/v2\/comments?post=4347"}],"version-history":[{"count":8,"href":"https:\/\/bassband.sk\/en\/wp-json\/wp\/v2\/pages\/4347\/revisions"}],"predecessor-version":[{"id":4848,"href":"https:\/\/bassband.sk\/en\/wp-json\/wp\/v2\/pages\/4347\/revisions\/4848"}],"up":[{"embeddable":true,"href":"https:\/\/bassband.sk\/en\/wp-json\/wp\/v2\/pages\/4150"}],"wp:attachment":[{"href":"https:\/\/bassband.sk\/en\/wp-json\/wp\/v2\/media?parent=4347"}],"curies":[{"name":"wp","href":"https:\/\/api.w.org\/{rel}","templated":true}]}}