{"id":4330,"date":"2015-02-21T21:56:47","date_gmt":"2015-02-21T21:56:47","guid":{"rendered":"http:\/\/bassband.sk\/?page_id=4330"},"modified":"2017-07-04T07:51:45","modified_gmt":"2017-07-04T07:51:45","slug":"jan-krigovsky","status":"publish","type":"page","link":"https:\/\/bassband.sk\/en\/o-nas-2\/jan-krigovsky\/","title":{"rendered":"J\u00e1n Krigovsk\u00fd \/deutsh"},"content":{"rendered":"<p style=\"text-align: left;\"><b style=\"font-size: 16px;\">Kontrabass (Klassik und Jazz), 8-Fuss Violone, Wiener Violone, Violine, Violoncello, Zimbal, Alte (Volks)Musikinstrumente.<\/b><\/p>\n<p><b>\u00a0<\/b><img loading=\"lazy\" decoding=\"async\" class=\"size-medium wp-image-985 alignright\" src=\"http:\/\/www.slovakdoublebassclub.com\/wp-content\/uploads\/2013\/09\/IMG_7772-200x300.jpg\" alt=\"IMG_7772\" width=\"200\" height=\"300\" \/><\/p>\n<p><strong><span style=\"text-decoration: underline;\">Pers\u00f6nliche Daten:<\/span><\/strong><\/p>\n<p>Mag art. J\u00e1n KRIGOVSKY<br \/>\ngeboren am 15. September 1972 in Spisska Sobota<br \/>\nNationalit\u00e4t:\u00a0\u00a0\u00a0 Slowakei<\/p>\n<p>Wohnadresse: Hviezdoslavova 44<br \/>\n90301 SENEC, Slowakei<br \/>\nKontakt:\u00a0\u00a0\u00a0\u00a0\u00a0\u00a0\u00a0\u00a0 Telefon: +421 \u2013 245924850<br \/>\nMobil: +421 \u2013 905513677<br \/>\nE-Mail: jkrigovsky@centrum.sk<\/p>\n<p>Familienstand: verheiratet seit 19 Jahren mit Karin Krigovsk\u00e1.<br \/>\nKinder: Karin (18), Karolina (14), Katarina (8) und Kl\u00e1ra (4)<\/p>\n<p><strong><span style=\"text-decoration: underline;\">Ausbildung:<\/span><\/strong><\/p>\n<p>1985 \u2013 1990\u00a0\u00a0\u00a0 Konservatorium Kosice, Abschluss mit Matura<br \/>\n1991 \u2013 1994\u00a0\u00a0\u00a0 V\u0160MU Bratislava, Kontrabassstudium bei Prof. Radoslav \u0160a\u0161ina,<br \/>\nAbschluss mit Auszeichnung, akadem. Titel: Magister artium.<br \/>\n2002 \u2013 2004\u00a0\u00a0\u00a0 Studium an der Schola Cantorum Basiliensis in Basel<\/p>\n<p>Preistr\u00e4ger bei nationalen und internationalen Kontrabasswettbewerben in der Slowakei, Tschechien, Deutschland und Spanien.<\/p>\n<p>Masterclasses bei Ludwig Streicher, O. Badila, W. G\u00fcttler, K. Trumph und M. Gajdo\u0161.<\/p>\n<p><strong><span style=\"text-decoration: underline;\">Lehrt\u00e4tigkeit:<\/span><\/strong><\/p>\n<p>1990 \u2013 1994\u00a0\u00a0\u00a0 Lehrer an verschiedenen Musikschulen in der Slowakei<br \/>\n1994 \u2013 1996\u00a0\u00a0\u00a0 Kontrabasslehrer am Konservatorium \u017dilina<br \/>\n1996 \u2013 2000\u00a0\u00a0\u00a0 Lehrauftrag am Provatkonservatorium D. Kardosa in Topol\u010dany<br \/>\n2000 \u2013 2009\u00a0\u00a0\u00a0 Lehrauftrag f\u00fcr Kontrabass am Katholischen Konservatorium in Bratislava<br \/>\n2000 &#8211;\u00a0 \u00a0\u00a0\u00a0\u00a0\u00a0\u00a0\u00a0\u00a0\u00a0\u00a0 Professor an der Akademie f\u00fcr Kunst in Bansk\u00e1 Bystrica<br \/>\n2006 \u2013 2010\u00a0\u00a0\u00a0 Lehrauftrag f\u00fcr Kontrabass an der Masaryk Universit\u00e4t Br\u00fcnn<br \/>\n2010 \u2013 2013 \u00a0\u00a0 Lehrauftrag f\u00fcr Kontrabass an der Jana\u010dek Akademie in Br\u00fcnn<br \/>\nDazu kommen Masterclasses und Dozenturen bei Kontrabassworkshops unter anderem bei Yuri Bashmed und in verschiedenen L\u00e4ndern.<\/p>\n<p><strong><span style=\"text-decoration: underline;\">K\u00fcnstlerische T\u00e4tigkeit:<\/span><\/strong><\/p>\n<p>Engagements bei der Staatlichen Philharmonie Ko\u0161ice, dem Staatlichen Klammerorchester \u017dilina, der Slowakischen Philharmonie Bratislava und dem Orchester des Stadttheaters Bratislava und bei der Bruckner Philharmonie Linz.<\/p>\n<p>Mitwirkung bei den Originalklangorchestern Wiener Akademie (unter Martin Haselb\u00f6ck), Orpheo Barock Orchester Linz, Kammerorchester Basel, der Freitagsakademie Bern, dem Royal Orquestra Catalunia (unter Jordi Savall), Musica Aeterna, Solamente Naturali und dem Wiener Bach Consort.<br \/>\nWeiters Mitwirkung bei den Barock Ensembles Ars Antiqua Austria (unter Gunar Letzbor), Modern Times, La Cetra Basel (unter Ciara Banchini), La Staggione Frankfurt, dem Colegium Marianum 1704 und Musica Florea in Prag.<br \/>\n2012 Gr\u00fcndung und Leitung des Ensembles Collegium Wartberg (Kammermusik in verschiedenen Besetzungen u.a. mit Dalibor Karvay) und der Bass Band Krigovsky.<\/p>\n<p>Zusammenarbeit als Kontrabass-Solist mit namhaften Dirigenten wie Claudio Abbado, Serge Baudo, Jordi Savall, Ren\u00e9 Jacobs, und Sigiswald Kuijken. Auftritte bei wichtigen Festivals im In-und Ausland, unter anderem beim\u00a0 Prager Fr\u00fchling, den Wiener Festwochen, den\u00a0 Salzburger Festspielen (dabei auch B\u00fchnenmusik beim Jedermann), den M\u00fcnchner Festspielen, dem Oude Musik Festival Utrecht, dem Internationalen Brussels Musik Festival, dem Potsdamer Sommer Festival, den Schwetzinger Festspielen u.v.a.<\/p>\n<p>Mitglied beim Rafael Catala Trio (Jazz Ensemble) und\u00a0 beim Alea-Bratislava \u2013 Piazola Quartett. Zahlreiche Auftritte im Bereich authentischer slowakischer Volksmusik.<br \/>\nZahlreiche Aufnahmen f\u00fcr Radio-und Fernsehstationen in der Slowakei, der Tschechischen Republik, Deutschland (WDR, NDR und ZDF), \u00d6sterreich (ORF). CD Ver\u00f6ffentlichungen bei Pan Classic , CPO , OFR, Chalenge und Arcana (Frankreich).<\/p>\n<p><strong><span style=\"text-decoration: underline;\">Sonstiges:<\/span><\/strong><br \/>\nInitiator und Gr\u00fcnder des Slowakischen Kontrabass \u2013 Clubs (160 Mitglieder) im Jahr 2010. Seitdem auch Organisation und k\u00fcnstlerische Gesamtleitung des allj\u00e4hrlich stattfindenden Kontrabassfestivals in dessen Rahmen auch der Internationale C.Ditter v. Dittersdorf Wettbewerb stsattfindet.<\/p>\n","protected":false},"excerpt":{"rendered":"<p>Kontrabass (Klassik und Jazz), 8-Fuss Violone, Wiener Violone, Violine, Violoncello, Zimbal, Alte (Volks)Musikinstrumente. \u00a0 Pers\u00f6nliche Daten: Mag art. J\u00e1n KRIGOVSKY geboren am 15. September 1972 in Spisska Sobota Nationalit\u00e4t:\u00a0\u00a0\u00a0 Slowakei Wohnadresse: Hviezdoslavova 44 90301 SENEC, Slowakei Kontakt:\u00a0\u00a0\u00a0\u00a0\u00a0\u00a0\u00a0\u00a0 Telefon: +421 \u2013 245924850 Mobil: +421 \u2013 905513677 E-Mail: jkrigovsky@centrum.sk Familienstand: verheiratet seit 19 Jahren mit Karin Krigovsk\u00e1. [&hellip;]<\/p>\n","protected":false},"author":2,"featured_media":0,"parent":4150,"menu_order":0,"comment_status":"closed","ping_status":"closed","template":"","meta":{"footnotes":""},"class_list":["post-4330","page","type-page","status-publish","hentry","has-post-title","has-post-date","has-post-category","has-post-tag","has-post-comment","has-post-author",""],"builder_content":"","_links":{"self":[{"href":"https:\/\/bassband.sk\/en\/wp-json\/wp\/v2\/pages\/4330","targetHints":{"allow":["GET"]}}],"collection":[{"href":"https:\/\/bassband.sk\/en\/wp-json\/wp\/v2\/pages"}],"about":[{"href":"https:\/\/bassband.sk\/en\/wp-json\/wp\/v2\/types\/page"}],"author":[{"embeddable":true,"href":"https:\/\/bassband.sk\/en\/wp-json\/wp\/v2\/users\/2"}],"replies":[{"embeddable":true,"href":"https:\/\/bassband.sk\/en\/wp-json\/wp\/v2\/comments?post=4330"}],"version-history":[{"count":4,"href":"https:\/\/bassband.sk\/en\/wp-json\/wp\/v2\/pages\/4330\/revisions"}],"predecessor-version":[{"id":4807,"href":"https:\/\/bassband.sk\/en\/wp-json\/wp\/v2\/pages\/4330\/revisions\/4807"}],"up":[{"embeddable":true,"href":"https:\/\/bassband.sk\/en\/wp-json\/wp\/v2\/pages\/4150"}],"wp:attachment":[{"href":"https:\/\/bassband.sk\/en\/wp-json\/wp\/v2\/media?parent=4330"}],"curies":[{"name":"wp","href":"https:\/\/api.w.org\/{rel}","templated":true}]}}