{"id":2234,"date":"2014-03-06T16:17:02","date_gmt":"2014-03-06T16:17:02","guid":{"rendered":"http:\/\/themify.me\/demo\/themes\/event-dev\/?page_id=2234"},"modified":"2025-06-10T12:08:46","modified_gmt":"2025-06-10T12:08:46","slug":"galleries","status":"publish","type":"page","link":"https:\/\/bassband.sk\/en\/galleries\/","title":{"rendered":"Galleries"},"content":{"rendered":"<!--themify_builder_content-->\n<div id=\"themify_builder_content-2234\" data-postid=\"2234\" class=\"themify_builder_content themify_builder_content-2234 themify_builder tf_clear\">\n                    <div  data-parallax-bg=\"desktop\" data-css_id=\"1k8h377\" data-lazy=\"1\" class=\"module_row themify_builder_row fullwidth_row_container tb_1k8h377 tb_first tf_w\">\n                        <div class=\"row_inner col_align_top tb_col_count_1 tf_box tf_rel\">\n                        <div  data-lazy=\"1\" class=\"module_column tb-column col-full  tb_7atg073 first\">\n                    <!-- module text -->\n<div  class=\"module module-text tb_e6gi200   \" data-lazy=\"1\">\n        <div  class=\"tb_text_wrap\">\n        <h2 style=\"text-align: center;\">\u00a0<\/h2><div class=\"loops-wrapper shortcode gallery grid4 fly-in no-gutter tf_grid_content grid4 tf_clear\"><article id=\"post-4701\" class=\"post tf_clearfix gallery-post post-4701 type-gallery status-publish has-post-thumbnail hentry gallery-category-image-gallery has-post-title no-post-date has-post-category has-post-tag has-post-comment no-post-author \">\n\t\n\t\t    \t\t    <a href=\"https:\/\/bassband.sk\/en\/blog\/gallery\/bassband-new-foto\/\" class=\"js-click tf_abs tf_w tf_h\"><span class=\"screen-reader-text\">Gallery<\/span><\/a>\n\t    \t\t                <figure class=\"post-image tf_clearfix\">\n                                                            <a href=\"https:\/\/bassband.sk\/en\/blog\/gallery\/bassband-new-foto\/\">\n                                        <img loading=\"lazy\" decoding=\"async\" src=\"https:\/\/bassband.sk\/wp-content\/uploads\/2017\/02\/13405310_10206778971329807_80999039_o-1-350x200.jpg\" width=\"350\" height=\"200\" class=\"wp-post-image wp-image-4708\" title=\"13405310_10206778971329807_80999039_o 1\" alt=\"13405310_10206778971329807_80999039_o 1\" srcset=\"https:\/\/bassband.sk\/wp-content\/uploads\/2017\/02\/13405310_10206778971329807_80999039_o-1-350x200.jpg 350w, https:\/\/bassband.sk\/wp-content\/uploads\/2017\/02\/13405310_10206778971329807_80999039_o-1-1024x718-1160x665.jpg 1160w\" sizes=\"auto, (max-width: 350px) 100vw, 350px\" \/>                                                                    <\/a>\n                                                                <\/figure>\n                    \t\n\t<div class=\"post-content\">\n\n\t\t\n\t\t\t\n\t\t\t<h2 class=\"post-title entry-title\"><a href=\"https:\/\/bassband.sk\/en\/blog\/gallery\/bassband-new-foto\/\">BassBand new foto<\/a><\/h2>\n\t\t\n\t\t        <div class=\"entry-content\">\n\n        \n        <\/div><!-- \/.entry-content -->\n        \n\t<\/div>\n\t<!-- \/.post-content -->\n\t\n<\/article>\n<!-- \/.post -->\n<article id=\"post-4643\" class=\"post tf_clearfix gallery-post post-4643 type-gallery status-publish has-post-thumbnail hentry gallery-category-uncategorized has-post-title no-post-date has-post-category has-post-tag has-post-comment no-post-author \">\n\t\n\t\t    \t\t    <a href=\"https:\/\/bassband.sk\/en\/blog\/gallery\/test\/\" class=\"js-click tf_abs tf_w tf_h\"><span class=\"screen-reader-text\">Gallery<\/span><\/a>\n\t    \t\t                <figure class=\"post-image tf_clearfix\">\n                                                            <a href=\"https:\/\/bassband.sk\/en\/blog\/gallery\/test\/\">\n                                        <img loading=\"lazy\" decoding=\"async\" src=\"https:\/\/bassband.sk\/wp-content\/uploads\/2016\/04\/1-350x200.jpg\" width=\"350\" height=\"200\" class=\"wp-post-image wp-image-4665\" title=\"1\" alt=\"1\" srcset=\"https:\/\/bassband.sk\/wp-content\/uploads\/2016\/04\/1-350x200.jpg 350w, https:\/\/bassband.sk\/wp-content\/uploads\/2016\/04\/1-1024x643-1160x665.jpg 1160w\" sizes=\"auto, (max-width: 350px) 100vw, 350px\" \/>                                                                    <\/a>\n                                                                <\/figure>\n                    \t\n\t<div class=\"post-content\">\n\n\t\t\n\t\t\t\n\t\t\t<h2 class=\"post-title entry-title\"><a href=\"https:\/\/bassband.sk\/en\/blog\/gallery\/test\/\">actual foto with new member<\/a><\/h2>\n\t\t\n\t\t        <div class=\"entry-content\">\n\n        \n        <\/div><!-- \/.entry-content -->\n        \n\t<\/div>\n\t<!-- \/.post-content -->\n\t\n<\/article>\n<!-- \/.post -->\n<article id=\"post-4576\" class=\"post tf_clearfix gallery-post post-4576 type-gallery status-publish has-post-thumbnail hentry gallery-category-uncategorized has-post-title no-post-date has-post-category has-post-tag has-post-comment no-post-author \">\n\t\n\t\t    \t\t    <a href=\"https:\/\/bassband.sk\/en\/blog\/gallery\/n-y-c-6th-ave\/\" class=\"js-click tf_abs tf_w tf_h\"><span class=\"screen-reader-text\">Gallery<\/span><\/a>\n\t    \t\t                <figure class=\"post-image tf_clearfix\">\n                                                            <a href=\"https:\/\/bassband.sk\/en\/blog\/gallery\/n-y-c-6th-ave\/\">\n                                        <img loading=\"lazy\" decoding=\"async\" src=\"https:\/\/bassband.sk\/wp-content\/uploads\/2015\/09\/20150906_185909-350x200.jpg\" width=\"350\" height=\"200\" class=\"wp-post-image wp-image-4577\" title=\"20150906_185909\" alt=\"20150906_185909\" srcset=\"https:\/\/bassband.sk\/wp-content\/uploads\/2015\/09\/20150906_185909-350x200.jpg 350w, https:\/\/bassband.sk\/wp-content\/uploads\/2015\/09\/20150906_185909-576x1024-1160x665.jpg 1160w\" sizes=\"auto, (max-width: 350px) 100vw, 350px\" \/>                                                                    <\/a>\n                                                                <\/figure>\n                    \t\n\t<div class=\"post-content\">\n\n\t\t\n\t\t\t\n\t\t\t<h2 class=\"post-title entry-title\"><a href=\"https:\/\/bassband.sk\/en\/blog\/gallery\/n-y-c-6th-ave\/\">N.Y.C. 6th Ave.<\/a><\/h2>\n\t\t\n\t\t        <div class=\"entry-content\">\n\n        \n        <\/div><!-- \/.entry-content -->\n        \n\t<\/div>\n\t<!-- \/.post-content -->\n\t\n<\/article>\n<!-- \/.post -->\n<article id=\"post-4520\" class=\"post tf_clearfix gallery-post post-4520 type-gallery status-publish has-post-thumbnail hentry gallery-category-uncategorized has-post-title no-post-date has-post-category has-post-tag has-post-comment no-post-author \">\n\t\n\t\t    \t\t    <a href=\"https:\/\/bassband.sk\/en\/blog\/gallery\/bassband-maria-cirova-vrbove\/\" class=\"js-click tf_abs tf_w tf_h\"><span class=\"screen-reader-text\">Gallery<\/span><\/a>\n\t    \t\t                <figure class=\"post-image tf_clearfix\">\n                                                            <a href=\"https:\/\/bassband.sk\/en\/blog\/gallery\/bassband-maria-cirova-vrbove\/\">\n                                        <img loading=\"lazy\" decoding=\"async\" src=\"https:\/\/bassband.sk\/wp-content\/uploads\/2015\/05\/IMG_2019-350x200.png\" width=\"350\" height=\"200\" class=\"wp-post-image wp-image-4525\" title=\"IMG_2019\" alt=\"IMG_2019\" srcset=\"https:\/\/bassband.sk\/wp-content\/uploads\/2015\/05\/IMG_2019-350x200.png 350w, https:\/\/bassband.sk\/wp-content\/uploads\/2015\/05\/IMG_2019-1024x683-1160x665.png 1160w\" sizes=\"auto, (max-width: 350px) 100vw, 350px\" \/>                                                                    <\/a>\n                                                                <\/figure>\n                    \t\n\t<div class=\"post-content\">\n\n\t\t\n\t\t\t\n\t\t\t<h2 class=\"post-title entry-title\"><a href=\"https:\/\/bassband.sk\/en\/blog\/gallery\/bassband-maria-cirova-vrbove\/\">BassBand &#038; M\u00e1ria \u010c\u00edrov\u00e1 &#8211; Vrbov\u00e9<\/a><\/h2>\n\t\t\n\t\t        <div class=\"entry-content\">\n\n        \n        <\/div><!-- \/.entry-content -->\n        \n\t<\/div>\n\t<!-- \/.post-content -->\n\t\n<\/article>\n<!-- \/.post -->\n<article id=\"post-4519\" class=\"post tf_clearfix gallery-post post-4519 type-gallery status-publish has-post-thumbnail hentry gallery-category-uncategorized has-post-title no-post-date has-post-category has-post-tag has-post-comment no-post-author \">\n\t\n\t\t    \t\t    <a href=\"https:\/\/bassband.sk\/en\/blog\/gallery\/bassband-maria-cirova-senec\/\" class=\"js-click tf_abs tf_w tf_h\"><span class=\"screen-reader-text\">Gallery<\/span><\/a>\n\t    \t\t                <figure class=\"post-image tf_clearfix\">\n                                                            <a href=\"https:\/\/bassband.sk\/en\/blog\/gallery\/bassband-maria-cirova-senec\/\">\n                                        <img loading=\"lazy\" decoding=\"async\" src=\"https:\/\/bassband.sk\/wp-content\/uploads\/2015\/05\/IMG_1744-350x200.jpg\" width=\"350\" height=\"200\" class=\"wp-post-image wp-image-4501\" title=\"IMG_1744\" alt=\"IMG_1744\" srcset=\"https:\/\/bassband.sk\/wp-content\/uploads\/2015\/05\/IMG_1744-350x200.jpg 350w, https:\/\/bassband.sk\/wp-content\/uploads\/2015\/05\/IMG_1744-1024x682-1160x665.jpg 1160w\" sizes=\"auto, (max-width: 350px) 100vw, 350px\" \/>                                                                    <\/a>\n                                                                <\/figure>\n                    \t\n\t<div class=\"post-content\">\n\n\t\t\n\t\t\t\n\t\t\t<h2 class=\"post-title entry-title\"><a href=\"https:\/\/bassband.sk\/en\/blog\/gallery\/bassband-maria-cirova-senec\/\">BassBand &#038; M\u00e1ria \u010c\u00edrov\u00e1 Senec<\/a><\/h2>\n\t\t\n\t\t        <div class=\"entry-content\">\n\n        \n        <\/div><!-- \/.entry-content -->\n        \n\t<\/div>\n\t<!-- \/.post-content -->\n\t\n<\/article>\n<!-- \/.post -->\n<article id=\"post-4482\" class=\"post tf_clearfix gallery-post post-4482 type-gallery status-publish has-post-thumbnail hentry gallery-category-uncategorized has-post-title no-post-date has-post-category has-post-tag has-post-comment no-post-author \">\n\t\n\t\t    \t\t    <a href=\"https:\/\/bassband.sk\/en\/blog\/gallery\/cd-nahravanie-velky-biel\/\" class=\"js-click tf_abs tf_w tf_h\"><span class=\"screen-reader-text\">Gallery<\/span><\/a>\n\t    \t\t                <figure class=\"post-image tf_clearfix\">\n                                                            <a href=\"https:\/\/bassband.sk\/en\/blog\/gallery\/cd-nahravanie-velky-biel\/\">\n                                        <img loading=\"lazy\" decoding=\"async\" src=\"https:\/\/bassband.sk\/wp-content\/uploads\/2015\/04\/IMG_0783-350x200.jpg\" width=\"350\" height=\"200\" class=\"wp-post-image wp-image-4496\" title=\"IMG_0783\" alt=\"IMG_0783\" srcset=\"https:\/\/bassband.sk\/wp-content\/uploads\/2015\/04\/IMG_0783-350x200.jpg 350w, https:\/\/bassband.sk\/wp-content\/uploads\/2015\/04\/IMG_0783-1024x683-1024x585.jpg 1024w, https:\/\/bassband.sk\/wp-content\/uploads\/2015\/04\/IMG_0783-1024x683-1160x665.jpg 1160w\" sizes=\"auto, (max-width: 350px) 100vw, 350px\" \/>                                                                    <\/a>\n                                                                <\/figure>\n                    \t\n\t<div class=\"post-content\">\n\n\t\t\n\t\t\t\n\t\t\t<h2 class=\"post-title entry-title\"><a href=\"https:\/\/bassband.sk\/en\/blog\/gallery\/cd-nahravanie-velky-biel\/\">CD recording Ve\u013ek\u00fd Bie\u013e<\/a><\/h2>\n\t\t\n\t\t        <div class=\"entry-content\">\n\n        \n        <\/div><!-- \/.entry-content -->\n        \n\t<\/div>\n\t<!-- \/.post-content -->\n\t\n<\/article>\n<!-- \/.post -->\n<article id=\"post-4199\" class=\"post tf_clearfix gallery-post post-4199 type-gallery status-publish has-post-thumbnail hentry gallery-category-uncategorized has-post-title no-post-date has-post-category has-post-tag has-post-comment no-post-author \">\n\t\n\t\t    \t\t    <a href=\"https:\/\/bassband.sk\/en\/blog\/gallery\/fotenie-synagoga-senec\/\" class=\"js-click tf_abs tf_w tf_h\"><span class=\"screen-reader-text\">Gallery<\/span><\/a>\n\t    \t\t                <figure class=\"post-image tf_clearfix\">\n                                                            <a href=\"https:\/\/bassband.sk\/en\/blog\/gallery\/fotenie-synagoga-senec\/\">\n                                        <img loading=\"lazy\" decoding=\"async\" src=\"https:\/\/bassband.sk\/wp-content\/uploads\/2015\/02\/IMG_9529-350x200.jpg\" width=\"350\" height=\"200\" class=\"wp-post-image wp-image-4243\" title=\"IMG_9529\" alt=\"IMG_9529\" srcset=\"https:\/\/bassband.sk\/wp-content\/uploads\/2015\/02\/IMG_9529-350x200.jpg 350w, https:\/\/bassband.sk\/wp-content\/uploads\/2015\/02\/IMG_9529-1024x683-1160x665.jpg 1160w\" sizes=\"auto, (max-width: 350px) 100vw, 350px\" \/>                                                                    <\/a>\n                                                                <\/figure>\n                    \t\n\t<div class=\"post-content\">\n\n\t\t\n\t\t\t\n\t\t\t<h2 class=\"post-title entry-title\"><a href=\"https:\/\/bassband.sk\/en\/blog\/gallery\/fotenie-synagoga-senec\/\">nahr\u00e1vanie nov\u00e9ho klipu&#8230;<\/a><\/h2>\n\t\t\n\t\t        <div class=\"entry-content\">\n\n        \n        <\/div><!-- \/.entry-content -->\n        \n\t<\/div>\n\t<!-- \/.post-content -->\n\t\n<\/article>\n<!-- \/.post -->\n<article id=\"post-4378\" class=\"post tf_clearfix gallery-post post-4378 type-gallery status-publish has-post-thumbnail hentry gallery-category-uncategorized has-post-title no-post-date has-post-category has-post-tag has-post-comment no-post-author \">\n\t\n\t\t    \t\t    <a href=\"https:\/\/bassband.sk\/en\/blog\/gallery\/hudba-trnave-pocta-kontrabasu-bassband\/\" class=\"js-click tf_abs tf_w tf_h\"><span class=\"screen-reader-text\">Gallery<\/span><\/a>\n\t    \t\t                <figure class=\"post-image tf_clearfix\">\n                                                            <a href=\"https:\/\/bassband.sk\/en\/blog\/gallery\/hudba-trnave-pocta-kontrabasu-bassband\/\">\n                                        <img loading=\"lazy\" decoding=\"async\" src=\"https:\/\/bassband.sk\/wp-content\/uploads\/2015\/02\/IMG_94821-350x200.jpg\" width=\"350\" height=\"200\" class=\"wp-post-image wp-image-4389\" title=\"IMG_9482\" alt=\"IMG_9482\" srcset=\"https:\/\/bassband.sk\/wp-content\/uploads\/2015\/02\/IMG_94821-350x200.jpg 350w, https:\/\/bassband.sk\/wp-content\/uploads\/2015\/02\/IMG_94821-1160x665.jpg 1160w\" sizes=\"auto, (max-width: 350px) 100vw, 350px\" \/>                                                                    <\/a>\n                                                                <\/figure>\n                    \t\n\t<div class=\"post-content\">\n\n\t\t\n\t\t\t\n\t\t\t<h2 class=\"post-title entry-title\"><a href=\"https:\/\/bassband.sk\/en\/blog\/gallery\/hudba-trnave-pocta-kontrabasu-bassband\/\">Hudba Trnave &#8220;pocta kontrabasu&#8221; BassBand<\/a><\/h2>\n\t\t\n\t\t        <div class=\"entry-content\">\n\n        \n        <\/div><!-- \/.entry-content -->\n        \n\t<\/div>\n\t<!-- \/.post-content -->\n\t\n<\/article>\n<!-- \/.post -->\n<article id=\"post-4149\" class=\"post tf_clearfix gallery-post post-4149 type-gallery status-publish has-post-thumbnail hentry gallery-category-uncategorized has-post-title no-post-date has-post-category has-post-tag has-post-comment no-post-author \">\n\t\n\t\t    \t\t    <a href=\"https:\/\/bassband.sk\/en\/blog\/gallery\/galeria-3\/\" class=\"js-click tf_abs tf_w tf_h\"><span class=\"screen-reader-text\">Gallery<\/span><\/a>\n\t    \t\t                <figure class=\"post-image tf_clearfix\">\n                                                            <a href=\"https:\/\/bassband.sk\/en\/blog\/gallery\/galeria-3\/\">\n                                        <img loading=\"lazy\" decoding=\"async\" src=\"https:\/\/bassband.sk\/wp-content\/uploads\/2015\/02\/IMG_9448-2-350x200.jpg\" width=\"350\" height=\"200\" class=\"wp-post-image wp-image-4264\" title=\"IMG_9448-2\" alt=\"IMG_9448-2\" srcset=\"https:\/\/bassband.sk\/wp-content\/uploads\/2015\/02\/IMG_9448-2-350x200.jpg 350w, https:\/\/bassband.sk\/wp-content\/uploads\/2015\/02\/IMG_9448-2-1024x683-1160x665.jpg 1160w\" sizes=\"auto, (max-width: 350px) 100vw, 350px\" \/>                                                                    <\/a>\n                                                                <\/figure>\n                    \t\n\t<div class=\"post-content\">\n\n\t\t\n\t\t\t\n\t\t\t<h2 class=\"post-title entry-title\"><a href=\"https:\/\/bassband.sk\/en\/blog\/gallery\/galeria-3\/\">fotenie Trnava<\/a><\/h2>\n\t\t\n\t\t        <div class=\"entry-content\">\n\n        \n        <\/div><!-- \/.entry-content -->\n        \n\t<\/div>\n\t<!-- \/.post-content -->\n\t\n<\/article>\n<!-- \/.post -->\n<article id=\"post-4357\" class=\"post tf_clearfix gallery-post post-4357 type-gallery status-publish has-post-thumbnail hentry gallery-category-uncategorized has-post-title no-post-date has-post-category has-post-tag has-post-comment no-post-author \">\n\t\n\t\t    \t\t    <a href=\"https:\/\/bassband.sk\/en\/blog\/gallery\/noc-hudby-2014\/\" class=\"js-click tf_abs tf_w tf_h\"><span class=\"screen-reader-text\">Gallery<\/span><\/a>\n\t    \t\t                <figure class=\"post-image tf_clearfix\">\n                                                            <a href=\"https:\/\/bassband.sk\/en\/blog\/gallery\/noc-hudby-2014\/\">\n                                        <img loading=\"lazy\" decoding=\"async\" src=\"https:\/\/bassband.sk\/wp-content\/uploads\/2015\/02\/IMG_51121-350x200.jpg\" width=\"350\" height=\"200\" class=\"wp-post-image wp-image-4377\" title=\"IMG_51121\" alt=\"IMG_51121\" srcset=\"https:\/\/bassband.sk\/wp-content\/uploads\/2015\/02\/IMG_51121-350x200.jpg 350w, https:\/\/bassband.sk\/wp-content\/uploads\/2015\/02\/IMG_51121-1160x665.jpg 1160w\" sizes=\"auto, (max-width: 350px) 100vw, 350px\" \/>                                                                    <\/a>\n                                                                <\/figure>\n                    \t\n\t<div class=\"post-content\">\n\n\t\t\n\t\t\t\n\t\t\t<h2 class=\"post-title entry-title\"><a href=\"https:\/\/bassband.sk\/en\/blog\/gallery\/noc-hudby-2014\/\">Noc Hudby &#8211; 2014<\/a><\/h2>\n\t\t\n\t\t        <div class=\"entry-content\">\n\n        \n        <\/div><!-- \/.entry-content -->\n        \n\t<\/div>\n\t<!-- \/.post-content -->\n\t\n<\/article>\n<!-- \/.post -->\n<article id=\"post-4441\" class=\"post tf_clearfix gallery-post post-4441 type-gallery status-publish has-post-thumbnail hentry gallery-category-uncategorized has-post-title no-post-date has-post-category has-post-tag has-post-comment no-post-author \">\n\t\n\t\t    \t\t    <a href=\"https:\/\/bassband.sk\/en\/blog\/gallery\/bassband-koncert-cervenik-24-maj-2014\/\" class=\"js-click tf_abs tf_w tf_h\"><span class=\"screen-reader-text\">Gallery<\/span><\/a>\n\t    \t\t                <figure class=\"post-image tf_clearfix\">\n                                                            <a href=\"https:\/\/bassband.sk\/en\/blog\/gallery\/bassband-koncert-cervenik-24-maj-2014\/\">\n                                        <img loading=\"lazy\" decoding=\"async\" src=\"https:\/\/bassband.sk\/wp-content\/uploads\/2015\/03\/IMG_2485-350x200.jpg\" width=\"350\" height=\"200\" class=\"wp-post-image wp-image-4444\" title=\"IMG_2485\" alt=\"IMG_2485\" srcset=\"https:\/\/bassband.sk\/wp-content\/uploads\/2015\/03\/IMG_2485-350x200.jpg 350w, https:\/\/bassband.sk\/wp-content\/uploads\/2015\/03\/IMG_2485-1024x682-1160x665.jpg 1160w\" sizes=\"auto, (max-width: 350px) 100vw, 350px\" \/>                                                                    <\/a>\n                                                                <\/figure>\n                    \t\n\t<div class=\"post-content\">\n\n\t\t\n\t\t\t\n\t\t\t<h2 class=\"post-title entry-title\"><a href=\"https:\/\/bassband.sk\/en\/blog\/gallery\/bassband-koncert-cervenik-24-maj-2014\/\">BassBA<\/a><\/h2>\n\t\t\n\t\t        <div class=\"entry-content\">\n\n        \n        <\/div><!-- \/.entry-content -->\n        \n\t<\/div>\n\t<!-- \/.post-content -->\n\t\n<\/article>\n<!-- \/.post -->\n<article id=\"post-4547\" class=\"post tf_clearfix gallery-post post-4547 type-gallery status-publish has-post-thumbnail hentry gallery-category-uncategorized has-post-title no-post-date has-post-category has-post-tag has-post-comment no-post-author \">\n\t\n\t\t    \t\t    <a href=\"https:\/\/bassband.sk\/en\/blog\/gallery\/bassband-koncert-bass-fest2014\/\" class=\"js-click tf_abs tf_w tf_h\"><span class=\"screen-reader-text\">Gallery<\/span><\/a>\n\t    \t\t                <figure class=\"post-image tf_clearfix\">\n                                                            <a href=\"https:\/\/bassband.sk\/en\/blog\/gallery\/bassband-koncert-bass-fest2014\/\">\n                                        <img loading=\"lazy\" decoding=\"async\" src=\"https:\/\/bassband.sk\/wp-content\/uploads\/2015\/05\/IMG_054-350x200.jpg\" width=\"350\" height=\"200\" class=\"wp-post-image wp-image-4557\" title=\"IMG_054\" alt=\"IMG_054\" srcset=\"https:\/\/bassband.sk\/wp-content\/uploads\/2015\/05\/IMG_054-350x200.jpg 350w, https:\/\/bassband.sk\/wp-content\/uploads\/2015\/05\/IMG_054-1024x683-1160x665.jpg 1160w\" sizes=\"auto, (max-width: 350px) 100vw, 350px\" \/>                                                                    <\/a>\n                                                                <\/figure>\n                    \t\n\t<div class=\"post-content\">\n\n\t\t\n\t\t\t\n\t\t\t<h2 class=\"post-title entry-title\"><a href=\"https:\/\/bassband.sk\/en\/blog\/gallery\/bassband-koncert-bass-fest2014\/\">BassBand &#8211; koncert- BASS FEST+2014<\/a><\/h2>\n\t\t\n\t\t        <div class=\"entry-content\">\n\n        \n        <\/div><!-- \/.entry-content -->\n        \n\t<\/div>\n\t<!-- \/.post-content -->\n\t\n<\/article>\n<!-- \/.post -->\n<article id=\"post-4545\" class=\"post tf_clearfix gallery-post post-4545 type-gallery status-publish has-post-thumbnail hentry gallery-category-uncategorized has-post-title no-post-date has-post-category has-post-tag has-post-comment no-post-author \">\n\t\n\t\t    \t\t    <a href=\"https:\/\/bassband.sk\/en\/blog\/gallery\/bassband-theatro-ticino-schweiz\/\" class=\"js-click tf_abs tf_w tf_h\"><span class=\"screen-reader-text\">Gallery<\/span><\/a>\n\t    \t\t                <figure class=\"post-image tf_clearfix\">\n                                                            <a href=\"https:\/\/bassband.sk\/en\/blog\/gallery\/bassband-theatro-ticino-schweiz\/\">\n                                        <img loading=\"lazy\" decoding=\"async\" src=\"https:\/\/bassband.sk\/wp-content\/uploads\/2015\/05\/IMG_5600-350x200.jpg\" width=\"350\" height=\"200\" class=\"wp-post-image wp-image-4546\" title=\"IMG_5600\" alt=\"IMG_5600\" srcset=\"https:\/\/bassband.sk\/wp-content\/uploads\/2015\/05\/IMG_5600-350x200.jpg 350w, https:\/\/bassband.sk\/wp-content\/uploads\/2015\/05\/IMG_5600-1160x665.jpg 1160w\" sizes=\"auto, (max-width: 350px) 100vw, 350px\" \/>                                                                    <\/a>\n                                                                <\/figure>\n                    \t\n\t<div class=\"post-content\">\n\n\t\t\n\t\t\t\n\t\t\t<h2 class=\"post-title entry-title\"><a href=\"https:\/\/bassband.sk\/en\/blog\/gallery\/bassband-theatro-ticino-schweiz\/\">BassBand Theatro Ticino &#8211; Schweiz<\/a><\/h2>\n\t\t\n\t\t        <div class=\"entry-content\">\n\n        \n        <\/div><!-- \/.entry-content -->\n        \n\t<\/div>\n\t<!-- \/.post-content -->\n\t\n<\/article>\n<!-- \/.post -->\n<article id=\"post-4249\" class=\"post tf_clearfix gallery-post post-4249 type-gallery status-publish has-post-thumbnail hentry gallery-category-uncategorized has-post-title no-post-date has-post-category has-post-tag has-post-comment no-post-author \">\n\t\n\t\t    \t\t    <a href=\"https:\/\/bassband.sk\/en\/blog\/gallery\/bassband-v-pastoracnom-centre-senec\/\" class=\"js-click tf_abs tf_w tf_h\"><span class=\"screen-reader-text\">Gallery<\/span><\/a>\n\t    \t\t                <figure class=\"post-image tf_clearfix\">\n                                                            <a href=\"https:\/\/bassband.sk\/en\/blog\/gallery\/bassband-v-pastoracnom-centre-senec\/\">\n                                        <img loading=\"lazy\" decoding=\"async\" src=\"https:\/\/bassband.sk\/wp-content\/uploads\/2015\/02\/img_4818-350x200.jpg\" width=\"350\" height=\"200\" class=\"wp-post-image wp-image-4250\" title=\"img_4818\" alt=\"img_4818\" srcset=\"https:\/\/bassband.sk\/wp-content\/uploads\/2015\/02\/img_4818-350x200.jpg 350w, https:\/\/bassband.sk\/wp-content\/uploads\/2015\/02\/img_4818-1024x682-1160x665.jpg 1160w\" sizes=\"auto, (max-width: 350px) 100vw, 350px\" \/>                                                                    <\/a>\n                                                                <\/figure>\n                    \t\n\t<div class=\"post-content\">\n\n\t\t\n\t\t\t\n\t\t\t<h2 class=\"post-title entry-title\"><a href=\"https:\/\/bassband.sk\/en\/blog\/gallery\/bassband-v-pastoracnom-centre-senec\/\">BassBand v pastora\u010dnom centre Senec<\/a><\/h2>\n\t\t\n\t\t        <div class=\"entry-content\">\n\n        \n        <\/div><!-- \/.entry-content -->\n        \n\t<\/div>\n\t<!-- \/.post-content -->\n\t\n<\/article>\n<!-- \/.post -->\n<\/div>    <\/div>\n<\/div>\n<!-- \/module text -->        <\/div>\n                        <\/div>\n        <\/div>\n        <\/div>\n<!--\/themify_builder_content-->","protected":false},"excerpt":{"rendered":"<p>\u00a0<\/p>\n","protected":false},"author":2,"featured_media":0,"parent":0,"menu_order":4,"comment_status":"closed","ping_status":"closed","template":"","meta":{"footnotes":""},"class_list":["post-2234","page","type-page","status-publish","hentry","has-post-title","has-post-date","has-post-category","has-post-tag","has-post-comment","has-post-author",""],"builder_content":"<h2 style=\"text-align: center;\">\u00a0<\/h2><p>[themify_gallery_posts limit=\"20\" title=\"yes\" style=\"grid4 fly-in\" post_meta=\"no\" post_date=\"no\" post_stats=\"no\" image_w=\"350\" image_h=\"200\"]<\/p>","_links":{"self":[{"href":"https:\/\/bassband.sk\/en\/wp-json\/wp\/v2\/pages\/2234","targetHints":{"allow":["GET"]}}],"collection":[{"href":"https:\/\/bassband.sk\/en\/wp-json\/wp\/v2\/pages"}],"about":[{"href":"https:\/\/bassband.sk\/en\/wp-json\/wp\/v2\/types\/page"}],"author":[{"embeddable":true,"href":"https:\/\/bassband.sk\/en\/wp-json\/wp\/v2\/users\/2"}],"replies":[{"embeddable":true,"href":"https:\/\/bassband.sk\/en\/wp-json\/wp\/v2\/comments?post=2234"}],"version-history":[{"count":3,"href":"https:\/\/bassband.sk\/en\/wp-json\/wp\/v2\/pages\/2234\/revisions"}],"predecessor-version":[{"id":4948,"href":"https:\/\/bassband.sk\/en\/wp-json\/wp\/v2\/pages\/2234\/revisions\/4948"}],"wp:attachment":[{"href":"https:\/\/bassband.sk\/en\/wp-json\/wp\/v2\/media?parent=2234"}],"curies":[{"name":"wp","href":"https:\/\/api.w.org\/{rel}","templated":true}]}}